{"id":1868,"date":"2021-08-09T09:53:15","date_gmt":"2021-08-09T09:53:15","guid":{"rendered":"https:\/\/www.bertolli.nl\/over-bertolli\/"},"modified":"2021-11-17T14:58:04","modified_gmt":"2021-11-17T14:58:04","slug":"ueber-bertolli","status":"publish","type":"page","link":"https:\/\/www.bertolli.nl\/de\/ueber-bertolli\/","title":{"rendered":"\u00dcber Bertolli"},"content":{"rendered":"[vc_row type=&#8220;full_width_content&#8220; full_screen_row_position=&#8220;middle&#8220; column_margin=&#8220;default&#8220; column_direction=&#8220;default&#8220; column_direction_tablet=&#8220;default&#8220; column_direction_phone=&#8220;default&#8220; bg_color=&#8220;#fbf2e7&#8243; scene_position=&#8220;center&#8220; top_padding=&#8220;100&#8243; text_color=&#8220;dark&#8220; text_align=&#8220;left&#8220; row_border_radius=&#8220;none&#8220; row_border_radius_applies=&#8220;bg&#8220; overlay_strength=&#8220;0.3&#8243; gradient_direction=&#8220;left_to_right&#8220; shape_divider_position=&#8220;bottom&#8220; bg_image_animation=&#8220;none&#8220; shape_type=&#8220;&#8220;][vc_column column_padding=&#8220;no-extra-padding&#8220; column_padding_tablet=&#8220;inherit&#8220; column_padding_phone=&#8220;inherit&#8220; column_padding_position=&#8220;all&#8220; background_color_opacity=&#8220;1&#8243; background_hover_color_opacity=&#8220;1&#8243; column_shadow=&#8220;none&#8220; column_border_radius=&#8220;none&#8220; column_link_target=&#8220;_self&#8220; gradient_direction=&#8220;left_to_right&#8220; overlay_strength=&#8220;0.3&#8243; width=&#8220;1\/1&#8243; tablet_width_inherit=&#8220;default&#8220; tablet_text_alignment=&#8220;default&#8220; phone_text_alignment=&#8220;default&#8220; column_border_width=&#8220;none&#8220; column_border_style=&#8220;solid&#8220; bg_image_animation=&#8220;none&#8220;][vc_raw_html]JTNDZGl2JTIwY2xhc3MlM0QlMjJkdWJiZWxlLWxpam4lMjIlM0UlM0MlMkZkaXYlM0UlMEElM0NkaXYlMjBjbGFzcyUzRCUyMnJ1aXRlbi16d2FydCUyMiUzRSUzQyUyRmRpdiUzRQ==[\/vc_raw_html][\/vc_column][\/vc_row][vc_row type=&#8220;in_container&#8220; full_screen_row_position=&#8220;middle&#8220; column_margin=&#8220;default&#8220; column_direction=&#8220;default&#8220; column_direction_tablet=&#8220;default&#8220; column_direction_phone=&#8220;default&#8220; scene_position=&#8220;center&#8220; top_padding=&#8220;90&#8243; text_color=&#8220;dark&#8220; text_align=&#8220;left&#8220; row_border_radius=&#8220;none&#8220; row_border_radius_applies=&#8220;bg&#8220; overlay_strength=&#8220;0.3&#8243; gradient_direction=&#8220;left_to_right&#8220; shape_divider_position=&#8220;bottom&#8220; bg_image_animation=&#8220;none&#8220; shape_type=&#8220;&#8220;][vc_column column_padding=&#8220;no-extra-padding&#8220; column_padding_tablet=&#8220;inherit&#8220; column_padding_phone=&#8220;inherit&#8220; column_padding_position=&#8220;all&#8220; background_color_opacity=&#8220;1&#8243; background_hover_color_opacity=&#8220;1&#8243; column_shadow=&#8220;none&#8220; column_border_radius=&#8220;none&#8220; column_link_target=&#8220;_self&#8220; gradient_direction=&#8220;left_to_right&#8220; overlay_strength=&#8220;0.3&#8243; width=&#8220;1\/1&#8243; tablet_width_inherit=&#8220;default&#8220; tablet_text_alignment=&#8220;default&#8220; phone_text_alignment=&#8220;default&#8220; column_border_width=&#8220;none&#8220; column_border_style=&#8220;solid&#8220; bg_image_animation=&#8220;none&#8220;][vc_row_inner column_margin=&#8220;default&#8220; column_direction=&#8220;default&#8220; column_direction_tablet=&#8220;default&#8220; column_direction_phone=&#8220;default&#8220; text_align=&#8220;left&#8220;][vc_column_inner column_padding=&#8220;padding-5-percent&#8220; column_padding_tablet=&#8220;inherit&#8220; column_padding_phone=&#8220;no-extra-padding&#8220; column_padding_position=&#8220;right&#8220; background_color_opacity=&#8220;1&#8243; background_hover_color_opacity=&#8220;1&#8243; column_shadow=&#8220;none&#8220; column_border_radius=&#8220;none&#8220; column_link_target=&#8220;_self&#8220; gradient_direction=&#8220;left_to_right&#8220; overlay_strength=&#8220;0.3&#8243; width=&#8220;1\/2&#8243; tablet_width_inherit=&#8220;default&#8220; column_border_width=&#8220;none&#8220; column_border_style=&#8220;solid&#8220; bg_image_animation=&#8220;none&#8220; enable_animation=&#8220;true&#8220; animation=&#8220;fade-in-from-left&#8220;][vc_column_text el_class=&#8220;komua&#8220;]\n<h1>Unsere Geschichte<\/h1>\n[\/vc_column_text][vc_column_text]Eine gro\u00dfartige Reise, die mit einer Leidenschaft f\u00fcr gutes Essen und reinen Zutaten begann. Entdecken Sie die Geschichte von Bertolli von den bescheidenen Anf\u00e4ngen bis zum weltweiten Erfolg.[\/vc_column_text][\/vc_column_inner][vc_column_inner column_padding=&#8220;no-extra-padding&#8220; column_padding_tablet=&#8220;inherit&#8220; column_padding_phone=&#8220;inherit&#8220; column_padding_position=&#8220;all&#8220; background_color_opacity=&#8220;1&#8243; background_hover_color_opacity=&#8220;1&#8243; column_shadow=&#8220;none&#8220; column_border_radius=&#8220;none&#8220; column_link_target=&#8220;_self&#8220; gradient_direction=&#8220;left_to_right&#8220; overlay_strength=&#8220;0.3&#8243; width=&#8220;1\/2&#8243; tablet_width_inherit=&#8220;default&#8220; column_border_width=&#8220;none&#8220; column_border_style=&#8220;solid&#8220; bg_image_animation=&#8220;none&#8220; enable_animation=&#8220;true&#8220; animation=&#8220;fade-in-from-right&#8220; delay=&#8220;300&#8243;][image_with_animation image_url=&#8220;1301&#8243; animation=&#8220;Fade In&#8220; hover_animation=&#8220;none&#8220; alignment=&#8220;center&#8220; border_radius=&#8220;none&#8220; box_shadow=&#8220;none&#8220; image_loading=&#8220;default&#8220; max_width=&#8220;100%&#8220; max_width_mobile=&#8220;default&#8220; el_class=&#8220;min-margin afbeelding-radius&#8220;][image_with_animation image_url=&#8220;325&#8243; animation=&#8220;Fade In&#8220; hover_animation=&#8220;none&#8220; alignment=&#8220;&#8220; border_radius=&#8220;none&#8220; box_shadow=&#8220;none&#8220; image_loading=&#8220;default&#8220; max_width=&#8220;100%&#8220; max_width_mobile=&#8220;default&#8220; el_class=&#8220;handtekening&#8220;][image_with_animation image_url=&#8220;328&#8243; animation=&#8220;Fade In&#8220; hover_animation=&#8220;none&#8220; alignment=&#8220;&#8220; border_radius=&#8220;none&#8220; box_shadow=&#8220;none&#8220; image_loading=&#8220;default&#8220; max_width=&#8220;100%&#8220; max_width_mobile=&#8220;default&#8220; el_class=&#8220;rode-stempel&#8220;][\/vc_column_inner][\/vc_row_inner][image_with_animation image_url=&#8220;259&#8243; animation=&#8220;Fade In&#8220; hover_animation=&#8220;none&#8220; alignment=&#8220;&#8220; border_radius=&#8220;none&#8220; box_shadow=&#8220;none&#8220; image_loading=&#8220;default&#8220; max_width=&#8220;100%&#8220; max_width_mobile=&#8220;default&#8220; el_class=&#8220;watermerk-2&#8243;][\/vc_column][\/vc_row][vc_row type=&#8220;in_container&#8220; full_screen_row_position=&#8220;middle&#8220; column_margin=&#8220;default&#8220; column_direction=&#8220;default&#8220; column_direction_tablet=&#8220;default&#8220; column_direction_phone=&#8220;default&#8220; scene_position=&#8220;center&#8220; top_padding=&#8220;100&#8243; text_color=&#8220;dark&#8220; text_align=&#8220;left&#8220; row_border_radius=&#8220;none&#8220; row_border_radius_applies=&#8220;bg&#8220; overlay_strength=&#8220;0.3&#8243; gradient_direction=&#8220;left_to_right&#8220; shape_divider_position=&#8220;bottom&#8220; bg_image_animation=&#8220;none&#8220; shape_type=&#8220;&#8220;][vc_column column_padding=&#8220;no-extra-padding&#8220; column_padding_tablet=&#8220;inherit&#8220; column_padding_phone=&#8220;inherit&#8220; column_padding_position=&#8220;all&#8220; background_color_opacity=&#8220;1&#8243; background_hover_color_opacity=&#8220;1&#8243; column_shadow=&#8220;none&#8220; column_border_radius=&#8220;none&#8220; column_link_target=&#8220;_self&#8220; gradient_direction=&#8220;left_to_right&#8220; overlay_strength=&#8220;0.3&#8243; width=&#8220;1\/1&#8243; tablet_width_inherit=&#8220;default&#8220; tablet_text_alignment=&#8220;default&#8220; phone_text_alignment=&#8220;default&#8220; column_border_width=&#8220;none&#8220; column_border_style=&#8220;solid&#8220; bg_image_animation=&#8220;none&#8220;][vc_column_text el_class=&#8220;komua&#8220;]\n<h2 style=\"text-align: center;\">Entdecken Sie unsere Geschichte<\/h2>\n[\/vc_column_text]<div class=\"timeline-container\"><div class=\"timeline\"><\/div><div class=\"timeline-item\" uk-parallax=\"opacity: 0,0,1,1,1,1,1; y:160,0,0,0,0; viewport:.65;\"><div class=\"timeline-image\" style=\"background-image:url(https:\/\/www.bertolli.nl\/wp-content\/uploads\/Our_Story_1865.png)\"><\/div><span>1865<\/span><div class=\"timeline-content\"><p class=\"timeline-text\">Bertolli wurde 1865 in der toskanischen Stadt Lucca gegr\u00fcndet. Francesco Bertolli und seine Frau Caterina er\u00f6ffnen ein Feinkostgesch\u00e4ft. In diesem kleinen Laden verkauften sie typische regionale Produkte aus der Toskana wie Oliven\u00f6l, Wein, K\u00e4se und Oliven in F\u00e4ssern, Kisten und S\u00e4cken.<\/p><\/div><\/div> <div class=\"timeline-item alt\" uk-parallax=\"opacity: 0,0,1,1,1,1,1; y:160,0,0,0,0; viewport:.65;\"><div class=\"timeline-image\" style=\"background-image:url(https:\/\/www.bertolli.nl\/wp-content\/uploads\/Our_Story_1875.png)\"><\/div><span>1875<\/span><div class=\"timeline-content\"><p class=\"timeline-text\">1875 gr\u00fcndete Francesco Bertolli in Lucca die \u201aFrancesco Bertolli Bank and Exchange``, die sich haupts\u00e4chlich auf Emigranten richtete. Die Hauptaufgabe der Bank war die Finanzierung der wachsenden Zahl Emigranten, die vor allem nach Amerika auswanderten. Da die Auswanderer ihre gewohnten mediterranen Lebensmittel in Amerika nicht finden konnten, baten sie Bertolli, ihnen Kisten mit Oliven\u00f6l zu schicken. Aufgrund dieses unerwarteten Marktes au\u00dferhalb Italiens wurde Bertolli der erste Exporteur von Oliven\u00f6l.<\/p><\/div><\/div> <div class=\"timeline-item\" uk-parallax=\"opacity: 0,0,1,1,1,1,1; y:160,0,0,0,0; viewport:.65;\"><div class=\"timeline-image\" style=\"background-image:url(https:\/\/www.bertolli.nl\/wp-content\/uploads\/Our_Story_1890-2.jpg)\"><\/div><span>1890<\/span><div class=\"timeline-content\"><p class=\"timeline-text\">Bereits um 1890 f\u00fchrte Bertolli betr\u00e4chtliche Exporte durch; Waren wurden nach New York, Philadelphia und Chicago verkauft. Die Gesch\u00e4fte verbreiteten sich zunehmend westw\u00e4rts. Kurz danach gr\u00fcndete Bertolli Exportm\u00e4rkte \u00fcber die USA hinaus, wie etwa in Kanada und Australien.<\/p><\/div><\/div> <div class=\"timeline-item alt\" uk-parallax=\"opacity: 0,0,1,1,1,1,1; y:160,0,0,0,0; viewport:.65;\"><div class=\"timeline-image\" style=\"background-image:url(https:\/\/www.bertolli.nl\/wp-content\/uploads\/1900-7.jpg)\"><\/div><span>1900<\/span><div class=\"timeline-content\"><p class=\"timeline-text\">Die Marke Bertolli wurde weltweit zunehmend mit der \u00c4sthetik des italienischen Lebensstils und der guten K\u00fcche in Verbindung gebracht, und die Geschmacksrichtungen von Bertolli gewannen zunehmende Bekanntheit.<\/p><\/div><\/div> <div class=\"timeline-item\" uk-parallax=\"opacity: 0,0,1,1,1,1,1; y:160,0,0,0,0; viewport:.65;\"><div class=\"timeline-image\" style=\"background-image:url(https:\/\/www.bertolli.nl\/wp-content\/uploads\/Our_Story_1945.jpg)\"><\/div><span>1945<\/span><div class=\"timeline-content\"><p class=\"timeline-text\">Bertolli erlangte einen beachtlichen Status, sodass das Unternehmen seinen Wachstum und Markenimage ankurbeln konnte. Man begann in Werbung zu investieren - eher eine Seltenheit zu dieser Zeit in Italien . Die Italiener erinnern sich noch gerne an die ersten Bertolli Werbungen und TV-Spots, in denen die Figuren Olivella und Maria Rosa vorkamen.<\/p><\/div><\/div> <div class=\"timeline-item\" uk-parallax=\"opacity: 0,0,1,1,1,1,1; y:160,0,0,0,0; viewport:.65;\"><div class=\"timeline-image\" style=\"background-image:url(https:\/\/www.bertolli.nl\/wp-content\/uploads\/Our_Story_1950.jpg)\"><\/div><span>1950-1960<\/span><div class=\"timeline-content\"><p class=\"timeline-text\">Zwischen 1950 und 1960 war Bertolli das erste Unternehmen, das Nahrungsmittelinformationen auf seine Etiketten druckte und die Verbraucher \u00fcber die wichtigen gesundheitlichen Vorteile von Oliven\u00f6l informierte. Es war auch das erste Unternehmen, das verschiedene Arten und Geschmacksrichtungen Oliven\u00f6l verkaufte, wie z. B. das extra leichte Oliven\u00f6l, das eingef\u00fchrt wurde, um den Wunsch der amerikanischen Verbraucher nach einem milden, einfach s\u00e4ttigenden Speise\u00f6l zu erf\u00fcllen.<\/p><\/div><\/div> <div class=\"timeline-item alt\" uk-parallax=\"opacity: 0,0,1,1,1,1,1; y:160,0,0,0,0; viewport:.65;\"><div class=\"timeline-image\" style=\"background-image:url(https:\/\/www.bertolli.nl\/wp-content\/uploads\/Our_Story_1999.jpg)\"><\/div><span>1999<\/span><div class=\"timeline-content\"><p class=\"timeline-text\">Im Jahr 1999 konnte Bertolli seine Oliven\u00f6lexporte von 23 auf \u00fcber 40 L\u00e4nder ausweiten, und die Marke wurde in vielen L\u00e4ndern zum Marktf\u00fchrer.<\/p><\/div><\/div> <div class=\"timeline-item alt\" uk-parallax=\"opacity: 0,0,1,1,1,1,1; y:160,0,0,0,0; viewport:.65;\"><div class=\"timeline-image\" style=\"background-image:url(https:\/\/www.bertolli.nl\/wp-content\/uploads\/Bertolli-Fiat-500-Toscane-1024x768.png)\"><\/div><span>2013<\/span><div class=\"timeline-content\"><p class=\"timeline-text\">Heutzutage ist Bertolli eine internationale Marke mit einem breiten Sortiment, das Pasta-Saucen, Fertiggerichte und Oliven\u00f6l umfasst. Trotz dieses Wachstums ist die Liebe zur kulinarischen italienischen K\u00fcche nie verloren gegangen.<\/p><\/div><\/div> <div class=\"timeline-item alt\" uk-parallax=\"opacity: 0,0,1,1,1,1,1; y:160,0,0,0,0; viewport:.65;\"><div class=\"timeline-image\" style=\"background-image:url(https:\/\/www.bertolli.nl\/wp-content\/uploads\/Our_Story_150_Years_-2015.png)\"><\/div><span>2015<\/span><div class=\"timeline-content\"><p class=\"timeline-text\">Bertolli besteht seit 150 Jahren und feiert dies mit limitierten Sondereditionen.<\/p><\/div><\/div> <div class=\"timeline-item alt\" uk-parallax=\"opacity: 0,0,1,1,1,1,1; y:160,0,0,0,0; viewport:.65;\"><div class=\"timeline-image\" style=\"background-image:url(https:\/\/www.bertolli.nl\/wp-content\/uploads\/BertolliTafel_Fabio_HighRes_Still-1-1024x576.jpg)\"><\/div><span>Heute<\/span><div class=\"timeline-content\"><p class=\"timeline-text\">Bertolli verwendet nach wie vor nur die besten Zutaten f\u00fcr den reinen Geschmack der Produkte, die nach originalen italienischen Rezepten zubereitet werden.<br \/>\nAuf Bertolli ist also immer Verlass, wenn es darum geht, im Handumdrehen ein k\u00f6stliches italienisches Gericht auf den Tisch zu zaubern und ein St\u00fcck Italien in Ihr Zuhause zu bringen, egal wo auf der Welt Sie sich befinden!<\/p><\/div><\/div> <\/div>[\/vc_column][\/vc_row][vc_row type=&#8220;in_container&#8220; full_screen_row_position=&#8220;middle&#8220; column_margin=&#8220;default&#8220; column_direction=&#8220;default&#8220; column_direction_tablet=&#8220;default&#8220; column_direction_phone=&#8220;default&#8220; scene_position=&#8220;center&#8220; text_color=&#8220;dark&#8220; text_align=&#8220;left&#8220; row_border_radius=&#8220;none&#8220; row_border_radius_applies=&#8220;bg&#8220; overlay_strength=&#8220;0.3&#8243; gradient_direction=&#8220;left_to_right&#8220; shape_divider_position=&#8220;bottom&#8220; bg_image_animation=&#8220;none&#8220;][vc_column column_padding=&#8220;no-extra-padding&#8220; column_padding_tablet=&#8220;inherit&#8220; column_padding_phone=&#8220;inherit&#8220; column_padding_position=&#8220;all&#8220; background_color_opacity=&#8220;1&#8243; background_hover_color_opacity=&#8220;1&#8243; column_shadow=&#8220;none&#8220; column_border_radius=&#8220;none&#8220; column_link_target=&#8220;_self&#8220; gradient_direction=&#8220;left_to_right&#8220; overlay_strength=&#8220;0.3&#8243; width=&#8220;1\/1&#8243; tablet_width_inherit=&#8220;default&#8220; tablet_text_alignment=&#8220;default&#8220; phone_text_alignment=&#8220;default&#8220; column_border_width=&#8220;none&#8220; column_border_style=&#8220;solid&#8220; bg_image_animation=&#8220;none&#8220;][divider line_type=&#8220;No Line&#8220; custom_height=&#8220;100&#8243;][\/vc_column][\/vc_row]\n","protected":false},"excerpt":{"rendered":"<p>[vc_row type=&#8220;full_width_content&#8220; full_screen_row_position=&#8220;middle&#8220; column_margin=&#8220;default&#8220; column_direction=&#8220;default&#8220; column_direction_tablet=&#8220;default&#8220; column_direction_phone=&#8220;default&#8220; bg_color=&#8220;#fbf2e7&#8243; scene_position=&#8220;center&#8220; top_padding=&#8220;100&#8243; text_color=&#8220;dark&#8220; text_align=&#8220;left&#8220; row_border_radius=&#8220;none&#8220; row_border_radius_applies=&#8220;bg&#8220; overlay_strength=&#8220;0.3&#8243; gradient_direction=&#8220;left_to_right&#8220; shape_divider_position=&#8220;bottom&#8220; bg_image_animation=&#8220;none&#8220; shape_type=&#8220;&#8220;][vc_column column_padding=&#8220;no-extra-padding&#8220; column_padding_tablet=&#8220;inherit&#8220; column_padding_phone=&#8220;inherit&#8220; column_padding_position=&#8220;all&#8220; background_color_opacity=&#8220;1&#8243; background_hover_color_opacity=&#8220;1&#8243; column_shadow=&#8220;none&#8220; column_border_radius=&#8220;none&#8220; column_link_target=&#8220;_self&#8220; gradient_direction=&#8220;left_to_right&#8220; overlay_strength=&#8220;0.3&#8243;&#8230;<\/p>\n","protected":false},"author":6,"featured_media":0,"parent":0,"menu_order":48,"comment_status":"closed","ping_status":"closed","template":"","meta":{"inline_featured_image":false,"footnotes":""},"class_list":["post-1868","page","type-page","status-publish"],"_links":{"self":[{"href":"https:\/\/www.bertolli.nl\/de\/wp-json\/wp\/v2\/pages\/1868","targetHints":{"allow":["GET"]}}],"collection":[{"href":"https:\/\/www.bertolli.nl\/de\/wp-json\/wp\/v2\/pages"}],"about":[{"href":"https:\/\/www.bertolli.nl\/de\/wp-json\/wp\/v2\/types\/page"}],"author":[{"embeddable":true,"href":"https:\/\/www.bertolli.nl\/de\/wp-json\/wp\/v2\/users\/6"}],"replies":[{"embeddable":true,"href":"https:\/\/www.bertolli.nl\/de\/wp-json\/wp\/v2\/comments?post=1868"}],"version-history":[{"count":3,"href":"https:\/\/www.bertolli.nl\/de\/wp-json\/wp\/v2\/pages\/1868\/revisions"}],"predecessor-version":[{"id":1908,"href":"https:\/\/www.bertolli.nl\/de\/wp-json\/wp\/v2\/pages\/1868\/revisions\/1908"}],"wp:attachment":[{"href":"https:\/\/www.bertolli.nl\/de\/wp-json\/wp\/v2\/media?parent=1868"}],"curies":[{"name":"wp","href":"https:\/\/api.w.org\/{rel}","templated":true}]}}