{"id":1841,"date":"2021-08-18T08:29:10","date_gmt":"2021-08-18T08:29:10","guid":{"rendered":"https:\/\/www.bertolli.nl\/waar-te-koop\/"},"modified":"2023-01-27T11:26:41","modified_gmt":"2023-01-27T10:26:41","slug":"ou-acheter","status":"publish","type":"page","link":"https:\/\/www.bertolli.nl\/fr_be\/ou-acheter\/","title":{"rendered":"O\u00f9 acheter"},"content":{"rendered":"[vc_row type=\u00a0\u00bbfull_width_content\u00a0\u00bb full_screen_row_position=\u00a0\u00bbmiddle\u00a0\u00bb column_margin=\u00a0\u00bbdefault\u00a0\u00bb column_direction=\u00a0\u00bbdefault\u00a0\u00bb column_direction_tablet=\u00a0\u00bbdefault\u00a0\u00bb column_direction_phone=\u00a0\u00bbdefault\u00a0\u00bb bg_color=\u00a0\u00bb#fcf4e8&Prime; scene_position=\u00a0\u00bbcenter\u00a0\u00bb top_padding=\u00a0\u00bb300&Prime; text_color=\u00a0\u00bbdark\u00a0\u00bb text_align=\u00a0\u00bbleft\u00a0\u00bb row_border_radius=\u00a0\u00bbnone\u00a0\u00bb row_border_radius_applies=\u00a0\u00bbbg\u00a0\u00bb class=\u00a0\u00bbheader-subpage-achtergrond\u00a0\u00bb overlay_strength=\u00a0\u00bb0.3&Prime; gradient_direction=\u00a0\u00bbleft_to_right\u00a0\u00bb shape_divider_position=\u00a0\u00bbbottom\u00a0\u00bb bg_image_animation=\u00a0\u00bbnone\u00a0\u00bb shape_type=\u00a0\u00bb\u00a0\u00bb][vc_column column_padding=\u00a0\u00bbno-extra-padding\u00a0\u00bb column_padding_tablet=\u00a0\u00bbinherit\u00a0\u00bb column_padding_phone=\u00a0\u00bbinherit\u00a0\u00bb column_padding_position=\u00a0\u00bball\u00a0\u00bb background_color_opacity=\u00a0\u00bb1&Prime; background_hover_color_opacity=\u00a0\u00bb1&Prime; column_shadow=\u00a0\u00bbnone\u00a0\u00bb column_border_radius=\u00a0\u00bbnone\u00a0\u00bb column_link_target=\u00a0\u00bb_self\u00a0\u00bb gradient_direction=\u00a0\u00bbleft_to_right\u00a0\u00bb overlay_strength=\u00a0\u00bb0.3&Prime; width=\u00a0\u00bb1\/1&Prime; tablet_width_inherit=\u00a0\u00bbdefault\u00a0\u00bb tablet_text_alignment=\u00a0\u00bbdefault\u00a0\u00bb phone_text_alignment=\u00a0\u00bbdefault\u00a0\u00bb column_border_width=\u00a0\u00bbnone\u00a0\u00bb column_border_style=\u00a0\u00bbsolid\u00a0\u00bb bg_image_animation=\u00a0\u00bbnone\u00a0\u00bb][vc_raw_html]JTNDZGl2JTIwY2xhc3MlM0QlMjJkdWJiZWxlLWxpam4lMjIlM0UlM0MlMkZkaXYlM0UlMEElM0NkaXYlMjBjbGFzcyUzRCUyMnJ1aXRlbi16d2FydCUyMiUzRSUzQyUyRmRpdiUzRQ==[\/vc_raw_html][\/vc_column][\/vc_row][vc_row type=\u00a0\u00bbin_container\u00a0\u00bb full_screen_row_position=\u00a0\u00bbmiddle\u00a0\u00bb column_margin=\u00a0\u00bbdefault\u00a0\u00bb column_direction=\u00a0\u00bbdefault\u00a0\u00bb column_direction_tablet=\u00a0\u00bbdefault\u00a0\u00bb column_direction_phone=\u00a0\u00bbdefault\u00a0\u00bb bg_image=\u00a0\u00bb1307&Prime; bg_position=\u00a0\u00bbcenter center\u00a0\u00bb bg_repeat=\u00a0\u00bbno-repeat\u00a0\u00bb scene_position=\u00a0\u00bbcenter\u00a0\u00bb top_padding=\u00a0\u00bb130&Prime; bottom_padding=\u00a0\u00bb130&Prime; text_color=\u00a0\u00bbdark\u00a0\u00bb text_align=\u00a0\u00bbleft\u00a0\u00bb row_border_radius=\u00a0\u00bbnone\u00a0\u00bb row_border_radius_applies=\u00a0\u00bbbg\u00a0\u00bb class=\u00a0\u00bbheader-subpage\u00a0\u00bb overlay_strength=\u00a0\u00bb0.3&Prime; gradient_direction=\u00a0\u00bbleft_to_right\u00a0\u00bb shape_divider_position=\u00a0\u00bbbottom\u00a0\u00bb bg_image_animation=\u00a0\u00bbnone\u00a0\u00bb shape_type=\u00a0\u00bb\u00a0\u00bb][vc_column column_padding=\u00a0\u00bbno-extra-padding\u00a0\u00bb column_padding_tablet=\u00a0\u00bbinherit\u00a0\u00bb column_padding_phone=\u00a0\u00bbinherit\u00a0\u00bb column_padding_position=\u00a0\u00bball\u00a0\u00bb background_color_opacity=\u00a0\u00bb1&Prime; background_hover_color_opacity=\u00a0\u00bb1&Prime; column_shadow=\u00a0\u00bbnone\u00a0\u00bb column_border_radius=\u00a0\u00bbnone\u00a0\u00bb column_link_target=\u00a0\u00bb_self\u00a0\u00bb gradient_direction=\u00a0\u00bbleft_to_right\u00a0\u00bb overlay_strength=\u00a0\u00bb0.3&Prime; width=\u00a0\u00bb1\/1&Prime; tablet_width_inherit=\u00a0\u00bbdefault\u00a0\u00bb tablet_text_alignment=\u00a0\u00bbdefault\u00a0\u00bb phone_text_alignment=\u00a0\u00bbdefault\u00a0\u00bb column_border_width=\u00a0\u00bbnone\u00a0\u00bb column_border_style=\u00a0\u00bbsolid\u00a0\u00bb bg_image_animation=\u00a0\u00bbnone\u00a0\u00bb][vc_column_text el_class=\u00a0\u00bbcolor-white\u00a0\u00bb]\n<h1 style=\"text-align: center;\">O\u00f9 acheter<\/h1>\n[\/vc_column_text][image_with_animation image_url=\u00a0\u00bb328&Prime; animation=\u00a0\u00bbFade In\u00a0\u00bb hover_animation=\u00a0\u00bbnone\u00a0\u00bb alignment=\u00a0\u00bb\u00a0\u00bb border_radius=\u00a0\u00bbnone\u00a0\u00bb box_shadow=\u00a0\u00bbnone\u00a0\u00bb image_loading=\u00a0\u00bbdefault\u00a0\u00bb max_width=\u00a0\u00bb100%\u00a0\u00bb max_width_mobile=\u00a0\u00bbdefault\u00a0\u00bb el_class=\u00a0\u00bbrode-stempel\u00a0\u00bb][image_with_animation image_url=\u00a0\u00bb325&Prime; animation=\u00a0\u00bbFade In\u00a0\u00bb hover_animation=\u00a0\u00bbnone\u00a0\u00bb alignment=\u00a0\u00bb\u00a0\u00bb border_radius=\u00a0\u00bbnone\u00a0\u00bb box_shadow=\u00a0\u00bbnone\u00a0\u00bb image_loading=\u00a0\u00bbdefault\u00a0\u00bb max_width=\u00a0\u00bb100%\u00a0\u00bb max_width_mobile=\u00a0\u00bbdefault\u00a0\u00bb el_class=\u00a0\u00bbhandtekening\u00a0\u00bb][\/vc_column][\/vc_row][vc_row type=\u00a0\u00bbin_container\u00a0\u00bb full_screen_row_position=\u00a0\u00bbmiddle\u00a0\u00bb column_margin=\u00a0\u00bbdefault\u00a0\u00bb column_direction=\u00a0\u00bbdefault\u00a0\u00bb column_direction_tablet=\u00a0\u00bbdefault\u00a0\u00bb column_direction_phone=\u00a0\u00bbdefault\u00a0\u00bb scene_position=\u00a0\u00bbcenter\u00a0\u00bb top_padding=\u00a0\u00bb90&Prime; bottom_padding=\u00a0\u00bb90&Prime; text_color=\u00a0\u00bbdark\u00a0\u00bb text_align=\u00a0\u00bbleft\u00a0\u00bb row_border_radius=\u00a0\u00bbnone\u00a0\u00bb row_border_radius_applies=\u00a0\u00bbbg\u00a0\u00bb overlay_strength=\u00a0\u00bb0.3&Prime; gradient_direction=\u00a0\u00bbleft_to_right\u00a0\u00bb shape_divider_position=\u00a0\u00bbbottom\u00a0\u00bb bg_image_animation=\u00a0\u00bbnone\u00a0\u00bb shape_type=\u00a0\u00bb\u00a0\u00bb][vc_column column_padding=\u00a0\u00bbno-extra-padding\u00a0\u00bb column_padding_tablet=\u00a0\u00bbinherit\u00a0\u00bb column_padding_phone=\u00a0\u00bbinherit\u00a0\u00bb column_padding_position=\u00a0\u00bball\u00a0\u00bb background_color_opacity=\u00a0\u00bb1&Prime; background_hover_color_opacity=\u00a0\u00bb1&Prime; column_shadow=\u00a0\u00bbnone\u00a0\u00bb column_border_radius=\u00a0\u00bbnone\u00a0\u00bb column_link_target=\u00a0\u00bb_self\u00a0\u00bb gradient_direction=\u00a0\u00bbleft_to_right\u00a0\u00bb overlay_strength=\u00a0\u00bb0.3&Prime; width=\u00a0\u00bb1\/3&Prime; tablet_width_inherit=\u00a0\u00bbdefault\u00a0\u00bb tablet_text_alignment=\u00a0\u00bbdefault\u00a0\u00bb phone_text_alignment=\u00a0\u00bbdefault\u00a0\u00bb column_border_width=\u00a0\u00bbnone\u00a0\u00bb column_border_style=\u00a0\u00bbsolid\u00a0\u00bb bg_image_animation=\u00a0\u00bbnone\u00a0\u00bb][vc_column_text el_class=\u00a0\u00bbkomua\u00a0\u00bb]\n<h2>Points de vente<\/h2>\n[\/vc_column_text][vc_column_text]Vous pouvez acheter les produits Bertolli dans de nombreux endroits. Consultez ici la liste des supermarch\u00e9s qui vendent des produits Bertolli. Cliquez et commandez directement aupr\u00e8s de votre magasin pr\u00e9f\u00e9r\u00e9.<\/p>\n<p>Nous travaillons constamment afin d\u2019\u00e9largir la gamme compl\u00e8te de produits Bertolli dans les supermarch\u00e9s. Vous ne trouvez pas un produit dans votre \u00a0magasin habituel\u00a0? \u00a0Renseignez-vous d\u00e8s lors aupr\u00e8s du responsable du magasin ou aupr\u00e8s du si\u00e8ge social.[\/vc_column_text][\/vc_column][vc_column column_padding=\u00a0\u00bbno-extra-padding\u00a0\u00bb column_padding_tablet=\u00a0\u00bbinherit\u00a0\u00bb column_padding_phone=\u00a0\u00bbinherit\u00a0\u00bb column_padding_position=\u00a0\u00bball\u00a0\u00bb background_color_opacity=\u00a0\u00bb1&Prime; background_hover_color_opacity=\u00a0\u00bb1&Prime; column_shadow=\u00a0\u00bbnone\u00a0\u00bb column_border_radius=\u00a0\u00bbnone\u00a0\u00bb column_link_target=\u00a0\u00bb_self\u00a0\u00bb gradient_direction=\u00a0\u00bbleft_to_right\u00a0\u00bb overlay_strength=\u00a0\u00bb0.3&Prime; width=\u00a0\u00bb2\/3&Prime; tablet_width_inherit=\u00a0\u00bbdefault\u00a0\u00bb tablet_text_alignment=\u00a0\u00bbdefault\u00a0\u00bb phone_text_alignment=\u00a0\u00bbdefault\u00a0\u00bb column_border_width=\u00a0\u00bbnone\u00a0\u00bb column_border_style=\u00a0\u00bbsolid\u00a0\u00bb bg_image_animation=\u00a0\u00bbnone\u00a0\u00bb][vc_column_text]\n\n\n<div id=\"wpv-view-layout-508\" class=\"js-wpv-view-layout js-wpv-layout-responsive js-wpv-view-layout-508\" data-viewnumber=\"508\" data-pagination=\"{&quot;id&quot;:508,&quot;query&quot;:&quot;normal&quot;,&quot;type&quot;:&quot;disabled&quot;,&quot;effect&quot;:&quot;fade&quot;,&quot;duration&quot;:500,&quot;speed&quot;:5,&quot;pause_on_hover&quot;:&quot;enabled&quot;,&quot;stop_rollover&quot;:&quot;false&quot;,&quot;cache_pages&quot;:&quot;enabled&quot;,&quot;preload_images&quot;:&quot;enabled&quot;,&quot;preload_pages&quot;:&quot;enabled&quot;,&quot;preload_reach&quot;:1,&quot;spinner&quot;:&quot;builtin&quot;,&quot;spinner_image&quot;:&quot;https:\/\/www.bertolli.nl\/wp-content\/plugins\/wp-views\/embedded\/res\/img\/ajax-loader.gif&quot;,&quot;callback_next&quot;:&quot;&quot;,&quot;manage_history&quot;:&quot;enabled&quot;,&quot;has_controls_in_form&quot;:&quot;disabled&quot;,&quot;infinite_tolerance&quot;:&quot;0&quot;,&quot;max_pages&quot;:0,&quot;page&quot;:1,&quot;base_permalink&quot;:&quot;\/fr_be\/wp-json\/wp\/v2\/pages\/1841?wpv_view_count=508&amp;wpv_paged=WPV_PAGE_NUM&quot;,&quot;loop&quot;:{&quot;type&quot;:&quot;&quot;,&quot;name&quot;:&quot;&quot;,&quot;data&quot;:[],&quot;id&quot;:0}}\" data-permalink=\"\/fr_be\/wp-json\/wp\/v2\/pages\/1841?wpv_view_count=508\">\n\n\t\n\t\n<div class=\"bootstrap-brendly\">\n\t\n\t\t\n\t\t<div class=\"row \">\n\t\t\t<div class=\"col-md-4\"><a target=\"_blank\" href=\"https:\/\/www.ah.be\/zoeken?query=bertolli\" class=\"supermarkt-blok\" style=\"background-color:#b9def3;\" rel=\"noopener\">\n  <div class=\"supermarkt-logo\" style=\"background-image:url(https:\/\/www.bertolli.nl\/wp-content\/uploads\/1000px-Albert_Heijn_Logo.svg-978x1024.png);\"><\/div>\n<\/a><\/div>\n\t\t\n\t\t\n\t\t\t<div class=\"col-md-4\"><a target=\"_blank\" href=\"https:\/\/drive.carrefour.be\/fr\/search?text=bertolli\" class=\"supermarkt-blok\" style=\"background-color:#b9ccf3;\" rel=\"noopener\">\n  <div class=\"supermarkt-logo\" style=\"background-image:url(https:\/\/www.bertolli.nl\/wp-content\/uploads\/Carrefour_logo.svg-1024x821.png);\"><\/div>\n<\/a><\/div>\n\t\t\n\t\t\n\t\t\t<div class=\"col-md-4\"><a target=\"_blank\" href=\"https:\/\/www.colruyt.be\/fr\/producten?searchTerm=bertolli&#038;origin=homepage&#038;suggestion=none&#038;type=product\" class=\"supermarkt-blok\" style=\"background-color:#f3dbb9;\" rel=\"noopener\">\n  <div class=\"supermarkt-logo\" style=\"background-image:url(https:\/\/www.bertolli.nl\/wp-content\/uploads\/Colruyt_logo.svg);\"><\/div>\n<\/a><\/div>\n\t\t<\/div>\n\t\t\n\t\t\n\t\t<div class=\"row \">\n\t\t\t<div class=\"col-md-4\"><a target=\"_blank\" href=\"https:\/\/www.cora.be\/fr\/8\/recherche?searchTerm=bertolli\" class=\"supermarkt-blok\" style=\"background-color:#eb7b6f;\" rel=\"noopener\">\n  <div class=\"supermarkt-logo\" style=\"background-image:url(https:\/\/www.bertolli.nl\/wp-content\/uploads\/1228px-Cora_logo.svg-1024x854.png);\"><\/div>\n<\/a><\/div>\n\t\t\n\t\t\n\t\t\t<div class=\"col-md-4\"><a target=\"_blank\" href=\"https:\/\/www.solucious.be\/resultats-de-la-recherche.html?keywords=bertolli&#038;suggested=#!sorting=1&#038;limit=24&#038;view=grid\" class=\"supermarkt-blok\" style=\"background-color:#dcf3b9;\" rel=\"noopener\">\n  <div class=\"supermarkt-logo\" style=\"background-image:url(https:\/\/www.bertolli.nl\/wp-content\/uploads\/solucious_logo_zonder-baseline_RGB_HR-300x115-1.png);\"><\/div>\n<\/a><\/div>\n\t\t\n\t\t\n\t\t\t<div class=\"col-md-4\"><a target=\"_blank\" href=\"https:\/\/www.delhaize.be\/fr-be\/shop\/search?q=bertolli:relevance&#038;text=bertolli&#038;sort=relevance\" class=\"supermarkt-blok\" style=\"background-color:#f3beb8;\" rel=\"noopener\">\n  <div class=\"supermarkt-logo\" style=\"background-image:url(https:\/\/www.bertolli.nl\/wp-content\/uploads\/5a0c72949642de34b6b65ceb-1024x1024.png);\"><\/div>\n<\/a><\/div>\n\t\t<\/div>\n\t\t\n\t\t\n\t\t<div class=\"row \">\n\t\t\t<div class=\"col-md-4\"><a target=\"_blank\" href=\"\" class=\"supermarkt-blok\" style=\"background-color:#c9c1cb;\" rel=\"noopener\">\n  <div class=\"supermarkt-logo\" style=\"background-image:url(https:\/\/www.bertolli.nl\/wp-content\/uploads\/ITM.png);\"><\/div>\n<\/a><\/div>\n\t\t\n\t\t\n\t\t\t<div class=\"col-md-4\"><a target=\"_blank\" href=\"\" class=\"supermarkt-blok\" style=\"background-color:#bef3b9;\" rel=\"noopener\">\n  <div class=\"supermarkt-logo\" style=\"background-image:url(https:\/\/www.bertolli.nl\/wp-content\/uploads\/Louis-Delhaize.jpg);\"><\/div>\n<\/a><\/div>\n\t\t\n\t\t\n\t\t\t<div class=\"col-md-4\"><a target=\"_blank\" href=\"\" class=\"supermarkt-blok\" style=\"background-color:#adc0ea;\" rel=\"noopener\">\n  <div class=\"supermarkt-logo\" style=\"background-image:url(https:\/\/www.bertolli.nl\/wp-content\/uploads\/makro-be.gif);\"><\/div>\n<\/a><\/div>\n\t\t<\/div>\n\t\t\n\t\t\n\t\t<div class=\"row \">\n\t\t\t<div class=\"col-md-4\"><a target=\"_blank\" href=\"\" class=\"supermarkt-blok\" style=\"background-color:#b9d2f3;\" rel=\"noopener\">\n  <div class=\"supermarkt-logo\" style=\"background-image:url(https:\/\/www.bertolli.nl\/wp-content\/uploads\/alvo.png);\"><\/div>\n<\/a><\/div>\n\t\t\n\t\t\n\t\t\t<div class=\"col-md-4\"><a target=\"_blank\" href=\"\" class=\"supermarkt-blok\" style=\"background-color:#f3b9b9;\" rel=\"noopener\">\n  <div class=\"supermarkt-logo\" style=\"background-image:url(https:\/\/www.bertolli.nl\/wp-content\/uploads\/Spar-2.png);\"><\/div>\n<\/a><\/div>\n\t\t\n\t\t\n\t\t\t<div class=\"col-md-4\"><a target=\"_blank\" href=\"\" class=\"supermarkt-blok\" style=\"background-color:#5cc593;\" rel=\"noopener\">\n  <div class=\"supermarkt-logo\" style=\"background-image:url(https:\/\/www.bertolli.nl\/wp-content\/uploads\/Match.png);\"><\/div>\n<\/a><\/div>\n\t\t<\/div>\n\t\t\n<\/div>\n\t\n\t\n\t\n<\/div>\n[\/vc_column_text][image_with_animation image_url=\u00a0\u00bb259&Prime; animation=\u00a0\u00bbFade In\u00a0\u00bb hover_animation=\u00a0\u00bbnone\u00a0\u00bb alignment=\u00a0\u00bb\u00a0\u00bb border_radius=\u00a0\u00bbnone\u00a0\u00bb box_shadow=\u00a0\u00bbnone\u00a0\u00bb image_loading=\u00a0\u00bbdefault\u00a0\u00bb max_width=\u00a0\u00bb100%\u00a0\u00bb max_width_mobile=\u00a0\u00bbdefault\u00a0\u00bb el_class=\u00a0\u00bbwatermerk-achtergrond\u00a0\u00bb][\/vc_column][\/vc_row]\n","protected":false},"excerpt":{"rendered":"<p>[vc_row type=\u00a0\u00bbfull_width_content\u00a0\u00bb full_screen_row_position=\u00a0\u00bbmiddle\u00a0\u00bb column_margin=\u00a0\u00bbdefault\u00a0\u00bb column_direction=\u00a0\u00bbdefault\u00a0\u00bb column_direction_tablet=\u00a0\u00bbdefault\u00a0\u00bb column_direction_phone=\u00a0\u00bbdefault\u00a0\u00bb bg_color=\u00a0\u00bb#fcf4e8&Prime; scene_position=\u00a0\u00bbcenter\u00a0\u00bb top_padding=\u00a0\u00bb300&Prime; text_color=\u00a0\u00bbdark\u00a0\u00bb text_align=\u00a0\u00bbleft\u00a0\u00bb row_border_radius=\u00a0\u00bbnone\u00a0\u00bb row_border_radius_applies=\u00a0\u00bbbg\u00a0\u00bb class=\u00a0\u00bbheader-subpage-achtergrond\u00a0\u00bb overlay_strength=\u00a0\u00bb0.3&Prime; gradient_direction=\u00a0\u00bbleft_to_right\u00a0\u00bb shape_divider_position=\u00a0\u00bbbottom\u00a0\u00bb bg_image_animation=\u00a0\u00bbnone\u00a0\u00bb shape_type=\u00a0\u00bb\u00a0\u00bb][vc_column column_padding=\u00a0\u00bbno-extra-padding\u00a0\u00bb column_padding_tablet=\u00a0\u00bbinherit\u00a0\u00bb column_padding_phone=\u00a0\u00bbinherit\u00a0\u00bb column_padding_position=\u00a0\u00bball\u00a0\u00bb background_color_opacity=\u00a0\u00bb1&Prime; background_hover_color_opacity=\u00a0\u00bb1&Prime; column_shadow=\u00a0\u00bbnone\u00a0\u00bb column_border_radius=\u00a0\u00bbnone\u00a0\u00bb column_link_target=\u00a0\u00bb_self\u00a0\u00bb gradient_direction=\u00a0\u00bbleft_to_right\u00a0\u00bb&#8230;<\/p>\n","protected":false},"author":6,"featured_media":0,"parent":0,"menu_order":83,"comment_status":"closed","ping_status":"closed","template":"","meta":{"inline_featured_image":false,"footnotes":""},"class_list":["post-1841","page","type-page","status-publish"],"_links":{"self":[{"href":"https:\/\/www.bertolli.nl\/fr_be\/wp-json\/wp\/v2\/pages\/1841","targetHints":{"allow":["GET"]}}],"collection":[{"href":"https:\/\/www.bertolli.nl\/fr_be\/wp-json\/wp\/v2\/pages"}],"about":[{"href":"https:\/\/www.bertolli.nl\/fr_be\/wp-json\/wp\/v2\/types\/page"}],"author":[{"embeddable":true,"href":"https:\/\/www.bertolli.nl\/fr_be\/wp-json\/wp\/v2\/users\/6"}],"replies":[{"embeddable":true,"href":"https:\/\/www.bertolli.nl\/fr_be\/wp-json\/wp\/v2\/comments?post=1841"}],"version-history":[{"count":3,"href":"https:\/\/www.bertolli.nl\/fr_be\/wp-json\/wp\/v2\/pages\/1841\/revisions"}],"predecessor-version":[{"id":5479,"href":"https:\/\/www.bertolli.nl\/fr_be\/wp-json\/wp\/v2\/pages\/1841\/revisions\/5479"}],"wp:attachment":[{"href":"https:\/\/www.bertolli.nl\/fr_be\/wp-json\/wp\/v2\/media?parent=1841"}],"curies":[{"name":"wp","href":"https:\/\/api.w.org\/{rel}","templated":true}]}}